{"id":1322,"date":"2022-02-24T05:02:56","date_gmt":"2022-02-24T04:02:56","guid":{"rendered":"http:\/\/xn--manuelterapililleblt-z0b.dk\/?page_id=1322"},"modified":"2024-12-15T11:34:32","modified_gmt":"2024-12-15T10:34:32","slug":"home","status":"publish","type":"page","link":"https:\/\/manuelterapililleb\u00e6lt.dk\/","title":{"rendered":"Hjem"},"content":{"rendered":"\n<div class=\"wp-block-uagb-container uagb-block-ede3fc7f alignfull uagb-is-root-container\"><div class=\"uagb-container-inner-blocks-wrap\"><\/div><\/div>\n\n\n\n<div id=\"wp-block-themeisle-blocks-advanced-columns-8440d828\" class=\"wp-block-themeisle-blocks-advanced-columns has-1-columns has-desktop-equal-layout has-tablet-equal-layout has-mobile-equal-layout has-vertical-unset ticss-8440d828\"><div class=\"wp-block-themeisle-blocks-advanced-columns-overlay\"><\/div><div class=\"innerblocks-wrap\">\n<div id=\"wp-block-themeisle-blocks-advanced-column-3527c30b\" class=\"wp-block-themeisle-blocks-advanced-column\"><\/div>\n<\/div><\/div>\n\n\n\n<div class=\"wp-block-uagb-container ticss-31975004 uagb-block-34a2a3b2 alignfull uagb-is-root-container\"><div class=\"uagb-container-inner-blocks-wrap\">\n<div class=\"wp-block-uagb-container ticss-a8ae4f94 uagb-block-8e201c8c\">\n<div class=\"wp-block-uagb-buttons uagb-buttons__outer-wrap uagb-btn__extralarge-btn uagb-btn-tablet__default-btn uagb-btn-mobile__default-btn uagb-block-dc3f0f95 ticss-1b99437e uag-blocks-common-selector\" style=\"--z-index-desktop:88;;--z-index-tablet:undefined;;--z-index-mobile:undefined;\"><div class=\"uagb-buttons__wrap uagb-buttons-layout-wrap\">\n<div class=\"wp-block-uagb-buttons-child uagb-buttons__outer-wrap uagb-block-f86e1f1f wp-block-button is-style-outline ticss-b6352e4f\"><div class=\"uagb-button__wrapper\"><a class=\"uagb-buttons-repeater wp-block-button__link\" href=\"https:\/\/xn--manuelterapililleblt-z0b.dk\/?page_id=1877\" onclick=\"return true;\" rel=\"follow noopener\" target=\"_self\"><div class=\"uagb-button__link\">BOOK TID HER<\/div><\/a><\/div><\/div>\n<\/div><\/div>\n<\/div>\n<\/div><\/div>\n\n\n\n<div class=\"wp-block-uagb-container uagb-block-88fc2212 alignfull uagb-is-root-container\"><div class=\"uagb-container-inner-blocks-wrap\">\n<div class=\"wp-block-themeisle-blocks-testimonials\">\n<h3 id=\"wp-block-themeisle-blocks-advanced-heading-7d8bed95\" class=\"wp-block-themeisle-blocks-advanced-heading wp-block-themeisle-blocks-advanced-heading-7d8bed95\">Velkommen til Manuel Terapi Lilleb\u00e6lt<\/h3>\n\n\n\n<p class=\"has-text-align-center has-small-font-size\">Har du ondt i ryggen, hold i nakken, smerter i foden eller andre problemer med smerter i muskler og led?<\/p>\n\n\n\n<p class=\"has-text-align-center has-small-font-size\">Jeg behandler med massage, manuel terapi eller skades terapi, for at afhj\u00e6lpe dine smerter. Du kan enten selv book en tid eller ringe til mig.&nbsp;<\/p>\n\n\n\n<p class=\"has-text-align-center has-link-color has-small-font-size wp-elements-ef42e16dac0631b86560126603255662\">L\u00e6s mere om de forskellige behandlinger nedenfor eller tryk <a href=\"https:\/\/xn--manuelterapililleblt-z0b.dk\/?page_id=1326\" data-type=\"URL\" data-id=\"https:\/\/xn--manuelterapililleblt-z0b.dk\/?page_id=1326\">her<\/a><\/p>\n<\/div>\n\n\n\n\n\n<div class=\"wp-block-uagb-advanced-heading uagb-block-790ed86a\"><h1 class=\"uagb-heading-text\">Behandlingstyper<\/h1><div class=\"uagb-separator\"><\/div><\/div>\n\n\n\n<div class=\"wp-block-uagb-container uagb-block-8230752c\">\n<div class=\"wp-block-uagb-container uagb-block-33caab2e\">\n<div class=\"wp-block-uagb-info-box uagb-block-7f5a8161 uagb-infobox__content-wrap  uagb-infobox-icon-above-title uagb-infobox-image-valign-top ticss-cc713065\"><div class=\"uagb-ifb-content\"><div class=\"uagb-ifb-image-content\"><img decoding=\"async\" src=\"http:\/\/manuelterapililleb\u00e6lt.dk\/wp-content\/uploads\/2023\/02\/fin-8237-200x300.jpg\" alt=\"\" width=\"200\" height=\"300\" loading=\"lazy\"\/><\/div><div class=\"uagb-ifb-title-wrap\"><h4 class=\"uagb-ifb-title\">Massage<\/h4><\/div><p class=\"uagb-ifb-desc\">Dybdeg\u00e5ende massage til afsp\u00e6nding af muskler. <\/p><\/div><\/div>\n\n\n\n<div class=\"wp-block-uagb-buttons uagb-buttons__outer-wrap uagb-btn__medium-btn uagb-btn-tablet__default-btn uagb-btn-mobile__default-btn uagb-block-6d8350f8\"><div class=\"uagb-buttons__wrap uagb-buttons-layout-wrap\">\n<div class=\"wp-block-uagb-buttons-child uagb-buttons__outer-wrap uagb-block-2b84fb1e wp-block-button is-style-outline\"><div class=\"uagb-button__wrapper\"><a class=\"uagb-buttons-repeater wp-block-button__link\" href=\"https:\/\/xn--manuelterapililleblt-z0b.dk\/?page_id=1326\" onclick=\"return true;\" rel=\"follow noopener\" target=\"_self\"><div class=\"uagb-button__link\">L\u00e6s mere her<\/div><span class=\"uagb-button__icon uagb-button__icon-position-after\"><svg xmlns=\"https:\/\/www.w3.org\/2000\/svg\" viewBox=\"0 0 448 512\"><path d=\"M438.6 278.6l-160 160C272.4 444.9 264.2 448 256 448s-16.38-3.125-22.62-9.375c-12.5-12.5-12.5-32.75 0-45.25L338.8 288H32C14.33 288 .0016 273.7 .0016 256S14.33 224 32 224h306.8l-105.4-105.4c-12.5-12.5-12.5-32.75 0-45.25s32.75-12.5 45.25 0l160 160C451.1 245.9 451.1 266.1 438.6 278.6z\"><\/path><\/svg><\/span><\/a><\/div><\/div>\n<\/div><\/div>\n<\/div>\n\n\n\n<div class=\"wp-block-uagb-container uagb-block-769f8d7b\">\n<div class=\"wp-block-uagb-info-box uagb-block-89325d19 uagb-infobox__content-wrap  uagb-infobox-icon-above-title uagb-infobox-image-valign-top\"><div class=\"uagb-ifb-content\"><div class=\"uagb-ifb-image-content\"><img decoding=\"async\" src=\"http:\/\/manuelterapililleb\u00e6lt.dk\/wp-content\/uploads\/2024\/12\/327164236_905518573814071_7237309735538924593_n-300x200.jpg\" alt=\"\" width=\"300\" height=\"200\" loading=\"lazy\"\/><\/div><div class=\"uagb-ifb-title-wrap\"><h4 class=\"uagb-ifb-title\">Manuel Terapi<\/h4><\/div><p class=\"uagb-ifb-desc\">Manuel bl\u00f8dg\u00f8ring af muskler der tr\u00e6kker led sk\u00e6ve.<\/p><\/div><\/div>\n\n\n\n<div class=\"wp-block-uagb-buttons uagb-buttons__outer-wrap uagb-btn__medium-btn uagb-btn-tablet__default-btn uagb-btn-mobile__default-btn uagb-block-fb4b237f\"><div class=\"uagb-buttons__wrap uagb-buttons-layout-wrap\">\n<div class=\"wp-block-uagb-buttons-child uagb-buttons__outer-wrap uagb-block-78b1c5df wp-block-button is-style-outline\"><div class=\"uagb-button__wrapper\"><a class=\"uagb-buttons-repeater wp-block-button__link\" href=\"https:\/\/xn--manuelterapililleblt-z0b.dk\/?page_id=1326\" onclick=\"return true;\" rel=\"follow noopener\" target=\"_self\"><div class=\"uagb-button__link\">L\u00e6s mere her<\/div><span class=\"uagb-button__icon uagb-button__icon-position-after\"><svg xmlns=\"https:\/\/www.w3.org\/2000\/svg\" viewBox=\"0 0 448 512\"><path d=\"M438.6 278.6l-160 160C272.4 444.9 264.2 448 256 448s-16.38-3.125-22.62-9.375c-12.5-12.5-12.5-32.75 0-45.25L338.8 288H32C14.33 288 .0016 273.7 .0016 256S14.33 224 32 224h306.8l-105.4-105.4c-12.5-12.5-12.5-32.75 0-45.25s32.75-12.5 45.25 0l160 160C451.1 245.9 451.1 266.1 438.6 278.6z\"><\/path><\/svg><\/span><\/a><\/div><\/div>\n<\/div><\/div>\n<\/div>\n<\/div>\n<\/div><\/div>\n\n\n\n<div class=\"wp-block-uagb-container uagb-block-4144dfc3 alignfull uagb-is-root-container\"><div class=\"uagb-container-inner-blocks-wrap\">\n<div class=\"wp-block-uagb-testimonial uagb-slick-carousel uagb-tm__arrow-outside uagb-block-44c9ad38 uagb-post__carousel_notset uagb-post__carousel_notset-tablet uagb-post__carousel_notset-mobile\"><div class=\"is-carousel uagb-tm__columns-1 uagb-tm__items\"><div class=\"uagb-testimonial__wrap  uagb-tm__imgicon-style-normal uagb-tm__image-position-top uagb-tm__bg-type-none \"><div class=\"uagb-tm__content\"><div class=\"uagb-tm__overlay\"><\/div><div class=\"uagb-tm__image-content\"><div class=\"uagb-tm__image\"><img decoding=\"async\" class=\"uagb-tm-img-src\" src=\"http:\/\/manuelterapililleb\u00e6lt.dk\/wp-content\/uploads\/2022\/11\/Profil-Gennemsigtig.png\" alt=\"Benjamin Hougaard\" width=\"210\" height=\"210\" loading=\"lazy\"\/><\/div><\/div><div class=\"uagb-tm__text-wrap\"><div class=\"uagb-tm__desc\">\u201cDet er vigtigt for mig, at du forlader en behandling med en god forst\u00e5else af din udfordring og hvordan behandlingen hj\u00e6lper\u201d<\/div><div class=\"uagb-tm__meta-inner\"><div class=\"uagb-testimonial-details\"><span class=\"uagb-tm__author-name\">Benjamin Hougaard<\/span><span class=\"uagb-tm__company\">Indehaver af Manuel Terapi Lilleb\u00e6lt<\/span><\/div><\/div><\/div><\/div><\/div><\/div><\/div>\n<\/div><\/div>\n","protected":false},"excerpt":{"rendered":"<p>Behandlingstyper<\/p>\n","protected":false},"author":1,"featured_media":0,"parent":0,"menu_order":0,"comment_status":"closed","ping_status":"closed","template":"","meta":{"om_disable_all_campaigns":false,"_uag_custom_page_level_css":"","_monsterinsights_skip_tracking":false,"_monsterinsights_sitenote_active":false,"_monsterinsights_sitenote_note":"","_monsterinsights_sitenote_category":0,"site-sidebar-layout":"no-sidebar","site-content-layout":"page-builder","ast-global-header-display":"","ast-main-header-display":"","ast-hfb-above-header-display":"","ast-hfb-below-header-display":"","ast-hfb-mobile-header-display":"","site-post-title":"disabled","ast-breadcrumbs-content":"","ast-featured-img":"disabled","footer-sml-layout":"","theme-transparent-header-meta":"enabled","adv-header-id-meta":"","stick-header-meta":"","header-above-stick-meta":"","header-main-stick-meta":"","header-below-stick-meta":"","_themeisle_gutenberg_block_has_review":false,"footnotes":""},"class_list":["post-1322","page","type-page","status-publish","hentry"],"aioseo_notices":[],"uagb_featured_image_src":{"full":false,"thumbnail":false,"medium":false,"medium_large":false,"large":false,"1536x1536":false,"2048x2048":false},"uagb_author_info":{"display_name":"hrhougaard114@gmail.com","author_link":"https:\/\/manuelterapililleb\u00e6lt.dk\/?author=1"},"uagb_comment_info":0,"uagb_excerpt":"Behandlingstyper","_links":{"self":[{"href":"https:\/\/manuelterapililleb\u00e6lt.dk\/index.php?rest_route=\/wp\/v2\/pages\/1322","targetHints":{"allow":["GET"]}}],"collection":[{"href":"https:\/\/manuelterapililleb\u00e6lt.dk\/index.php?rest_route=\/wp\/v2\/pages"}],"about":[{"href":"https:\/\/manuelterapililleb\u00e6lt.dk\/index.php?rest_route=\/wp\/v2\/types\/page"}],"author":[{"embeddable":true,"href":"https:\/\/manuelterapililleb\u00e6lt.dk\/index.php?rest_route=\/wp\/v2\/users\/1"}],"replies":[{"embeddable":true,"href":"https:\/\/manuelterapililleb\u00e6lt.dk\/index.php?rest_route=%2Fwp%2Fv2%2Fcomments&post=1322"}],"version-history":[{"count":124,"href":"https:\/\/manuelterapililleb\u00e6lt.dk\/index.php?rest_route=\/wp\/v2\/pages\/1322\/revisions"}],"predecessor-version":[{"id":2566,"href":"https:\/\/manuelterapililleb\u00e6lt.dk\/index.php?rest_route=\/wp\/v2\/pages\/1322\/revisions\/2566"}],"wp:attachment":[{"href":"https:\/\/manuelterapililleb\u00e6lt.dk\/index.php?rest_route=%2Fwp%2Fv2%2Fmedia&parent=1322"}],"curies":[{"name":"wp","href":"https:\/\/api.w.org\/{rel}","templated":true}]}}